{"id":1682,"date":"2016-11-14T18:33:38","date_gmt":"2016-11-14T16:33:38","guid":{"rendered":"http:\/\/howtogoon.com\/?page_id=1682"},"modified":"2019-10-26T19:29:43","modified_gmt":"2019-10-26T17:29:43","slug":"todo-sigue-igual","status":"publish","type":"page","link":"https:\/\/howtogoon.com\/index.php\/todo-sigue-igual\/","title":{"rendered":"TODO SIGUE IGUAL"},"content":{"rendered":"<p><strong>BUENOS AIRES, ARGENTINA &#8211; OCT 29th &#8211; NOV 30th, 2016<\/strong><\/p>\n<p><strong>MUSEO DE LA MUJER, Pasaje Dr. R. Rivarola 147, (San Nicolas), Buenos Aires<strong><\/p>\n<p><a href=\"https:\/\/howtogoon.com\/index.php\/business-as-usual-2\/\" title=\"BUSINESS AS USUAL\"target=\"_blank\">FOR ENGLISH CLICK HERE!<\/a><\/p>\n<p>La exposici\u00f3n Todo Sigue Igual gira en torno a la prostituci\u00f3n como fen\u00f3meno mundial promovido por una industria que gana grandes sumas de dinero por el uso (abuso) de los cuerpos de las mujeres. Desde la revoluci\u00f3n sexual de la d\u00e9cada de 1960\/70, la industria del sexo ha necesitado contrarrestar el cambio de actitud hacia la autonom\u00eda de (los cuerpos de) las mujeres. Una postura moral hacia la prostituci\u00f3n ya no era sostenible y la asunci\u00f3n centenaria del privilegio masculino y derecho patriarcal estaba bajo una gran presi\u00f3n. La idea de que las mujeres prostituidas son autosuficientes, fuertes, independientes, y \u2018tan-libres-que-elijo-vender-mi-cuerpo\u2019, sostiene perfectamente el programa de la industria sexual. Al mismo tiempo se hizo un uso perversamente inteligente del principio feminista de la autonom\u00eda de la mujer, al tiempo que protege los intereses de la industria sexual.<\/p>\n<p><a href=\"https:\/\/howtogoon.com\/wp-content\/uploads\/2016\/10\/Flyer-059-3.jpg\"><img loading=\"lazy\" decoding=\"async\" class=\"alignleft size-full wp-image-1639\" alt=\"flyer-059-3\" src=\"https:\/\/howtogoon.com\/wp-content\/uploads\/2018\/04\/Flyer-059-3-625x1024.gif\" width=\"528\" height=\"704\" \/><\/a><\/p>\n<p>En los Pa\u00edses Bajos la venta de sexo ha sido legal, o sea estrictamente regulada, desde 1811, despu\u00e9s, en el a\u00f1o 2000, el gobierno holand\u00e9s introdujo una legislaci\u00f3n para eliminar la prohibici\u00f3n del proxenetismo y los burdeles. Ingeniosamente empaquetado como parte integrante de una actitud liberal, con visi\u00f3n de futuro hacia el sexo en general, y la antipat\u00eda al moralismo puritano. Este movimiento, con un dudoso honor del pa\u00eds de ser el abanderado de la ley de la prostituci\u00f3n, liberaliz\u00f3 y consolid\u00f3 su reputaci\u00f3n como centro para el turismo sexual. El gobierno holand\u00e9s indiferente a los resultados desastrosos de esta legislaci\u00f3n, y a pesar de la evidencia negativa, insisti\u00f3 en enfatizar el \u00e9xito de este enfoque, alentando a otros pa\u00edses a seguir su ejemplo.<br \/>\nTodo Sigue Igual utiliza v\u00eddeos, fotos, textos, y la escultura para pasar por la bruma de la propaganda sutil sobre la prostituci\u00f3n que permea nuestro d\u00eda a d\u00eda, las im\u00e1genes que promueve y refuerza la visi\u00f3n de la mujer prostituida como &#8220;prostituta feliz&#8221;, mientras que nos impide ver el dolor y la angustia muy real que existe detr\u00e1s de esta visi\u00f3n superficial.<\/p>\n<div id=\"attachment_1657\" style=\"width: 538px\" class=\"wp-caption alignleft\"><a href=\"https:\/\/howtogoon.com\/wp-content\/uploads\/2016\/10\/P1140240.jpg\"><img loading=\"lazy\" decoding=\"async\" aria-describedby=\"caption-attachment-1657\" src=\"https:\/\/howtogoon.com\/wp-content\/uploads\/2018\/04\/P1140240-1024x768.gif\" alt=\"Los art\u00edculos de esta Colecci\u00f3n son objetos relacionados con la prostituci\u00f3n en la cultura popular - tarjetas postales; recuerdos para turistas que promueven el Barrio Rojo de \u00c1msterdam; diversas publicaciones y DVDs; etc - todas fueron adquiridas en \u00c1msterdam en 2016. \" width=\"528\" height=\"396\" class=\"size-full wp-image-1657\" \/><\/a><p id=\"caption-attachment-1657\" class=\"wp-caption-text\">Los art\u00edculos de esta Colecci\u00f3n son objetos relacionados con la prostituci\u00f3n en la cultura popular &#8211; tarjetas postales; recuerdos para turistas que promueven el Barrio Rojo de \u00c1msterdam; diversas publicaciones y DVDs; etc &#8211; todas fueron adquiridas en \u00c1msterdam en 2016.<\/p><\/div>\n<div id=\"attachment_1661\" style=\"width: 538px\" class=\"wp-caption alignleft\"><a href=\"https:\/\/howtogoon.com\/wp-content\/uploads\/2016\/10\/P1140333.jpg\"><img loading=\"lazy\" decoding=\"async\" aria-describedby=\"caption-attachment-1661\" src=\"https:\/\/howtogoon.com\/wp-content\/uploads\/2018\/04\/P1140333-768x1024.gif\" alt=\"Los recuerdos y otros art\u00edculos de parafernalia cotidiana muestran una imagen particular de la prostituci\u00f3n que se mantiene viva en la sociedad, ejerciendo una influencia subliminal: fomentar la aceptaci\u00f3n de la prostituci\u00f3n como una consecuencia inevitable, necesaria e incluso una forma deseable de \u201centretenimiento\u201d inofensivo, poblado por mujeres fuertes, dispuestas e independientes. \" width=\"528\" height=\"704\" class=\"size-full wp-image-1661\" \/><\/a><p id=\"caption-attachment-1661\" class=\"wp-caption-text\">Los recuerdos y otros art\u00edculos de parafernalia cotidiana muestran una imagen particular de la prostituci\u00f3n que se mantiene viva en la sociedad, ejerciendo una influencia subliminal: fomentar la aceptaci\u00f3n de la prostituci\u00f3n como una consecuencia inevitable, necesaria e incluso una forma deseable de \u201centretenimiento\u201d inofensivo, poblado por mujeres fuertes, dispuestas e independientes.<\/p><\/div>\n<div id=\"attachment_1654\" style=\"width: 538px\" class=\"wp-caption alignleft\"><a href=\"https:\/\/howtogoon.com\/wp-content\/uploads\/2016\/10\/P1140226.jpg\"><img loading=\"lazy\" decoding=\"async\" aria-describedby=\"caption-attachment-1654\" src=\"https:\/\/howtogoon.com\/wp-content\/uploads\/2018\/04\/P1140226-768x1024.gif\" alt=\"Esta cortina de humo de la propaganda pro-prostituci\u00f3n nubla insidiosamente el tema, mientras que el da\u00f1o causado por la aceptaci\u00f3n de este punto de vista sobre la prostituci\u00f3n - un mundo donde mujeres son maltratadas, abusadas, subyugadas, da\u00f1adas - perdura.\" width=\"528\" height=\"704\" class=\"size-full wp-image-1654\" \/><\/a><p id=\"caption-attachment-1654\" class=\"wp-caption-text\">Esta cortina de humo de la propaganda pro-prostituci\u00f3n nubla insidiosamente el tema, mientras que el da\u00f1o causado por la aceptaci\u00f3n de este punto de vista sobre la prostituci\u00f3n &#8211; un mundo donde mujeres son maltratadas, abusadas, subyugadas, da\u00f1adas &#8211; perdura.<\/p><\/div>\n<div id=\"attachment_1656\" style=\"width: 714px\" class=\"wp-caption alignleft\"><a href=\"https:\/\/howtogoon.com\/wp-content\/uploads\/2016\/10\/P1140237.jpg\"><img loading=\"lazy\" decoding=\"async\" aria-describedby=\"caption-attachment-1656\" src=\"https:\/\/howtogoon.com\/wp-content\/uploads\/2018\/04\/P1140237-1024x768.gif\" alt=\"Con la presentaci\u00f3n de estos artefactos como objetos \u201cinocuos\u201d, etiquetados y expuestos como una colecci\u00f3n antropol\u00f3gica, supuestamente \u201ccuriosa\u201d y de \u201csalvajes costumbres\u201d de antiguas sociedades \u201cno civilizadas\u201d que estamos acostumbrados a ver exhibidas de esta manera, podemos imaginar que \u00e9stos artefactos est\u00e1n relegados al pasado, previendo as\u00ed un futuro donde se haya avanzado m\u00e1s all\u00e1 de la creencia en esta anticuada \u201ctradici\u00f3n\u201d, b\u00e1rbara.\" width=\"704\" height=\"528\" class=\"size-full wp-image-1656\" \/><\/a><p id=\"caption-attachment-1656\" class=\"wp-caption-text\">Con la presentaci\u00f3n de estos artefactos como objetos \u201cinocuos\u201d, etiquetados y expuestos como una colecci\u00f3n antropol\u00f3gica, supuestamente \u201ccuriosa\u201d y de \u201csalvajes costumbres\u201d de antiguas sociedades \u201cno civilizadas\u201d que estamos acostumbrados a ver exhibidas de esta manera, podemos imaginar que \u00e9stos artefactos est\u00e1n relegados al pasado, previendo as\u00ed un futuro donde se haya avanzado m\u00e1s all\u00e1 de la creencia en esta anticuada \u201ctradici\u00f3n\u201d, b\u00e1rbara.<\/p><\/div>\n<div id=\"attachment_1655\" style=\"width: 714px\" class=\"wp-caption alignleft\"><a href=\"https:\/\/howtogoon.com\/wp-content\/uploads\/2016\/10\/P1140232.jpg\"><img loading=\"lazy\" decoding=\"async\" aria-describedby=\"caption-attachment-1655\" src=\"https:\/\/howtogoon.com\/wp-content\/uploads\/2018\/04\/P1140232-1024x768.gif\" alt=\" Colecci\u00f3n de 16 imanes para refrigerador: buscan imbuir el sentido de que la prostituci\u00f3n es inocua y casera. Un im\u00e1n para refrigerador es la s\u00edntesis de la vida dom\u00e9stica inocua, y la venta de estos imanes del Barrio Rojo inculcan la idea de que el sexo pagado es tan inocuo como un fregadero de cocina, ya que la cocina es de dominio tradicionalmente de mujeres. Estos imanes tratan de convencer de ese sentido de la prostituci\u00f3n, desde un im\u00e1n en el refrigerador por lo menos, tambi\u00e9n a la poblaci\u00f3n femenina. \" width=\"704\" height=\"528\" class=\"size-full wp-image-1655\" \/><\/a><p id=\"caption-attachment-1655\" class=\"wp-caption-text\">Colecci\u00f3n de 16 imanes para refrigerador: buscan imbuir el sentido de que la prostituci\u00f3n es inocua y casera. Un im\u00e1n para refrigerador es la s\u00edntesis de la vida dom\u00e9stica inocua, y la venta de estos imanes del Barrio Rojo inculcan la idea de que el sexo pagado es tan inocuo como un fregadero de cocina, ya que la cocina es de dominio tradicionalmente de mujeres. Estos imanes tratan de convencer de ese sentido de la prostituci\u00f3n, desde un im\u00e1n en el refrigerador por lo menos, tambi\u00e9n a la poblaci\u00f3n femenina.<\/p><\/div>\n<div id=\"attachment_1653\" style=\"width: 714px\" class=\"wp-caption alignleft\"><a href=\"https:\/\/howtogoon.com\/wp-content\/uploads\/2016\/10\/P1140212.jpg\"><img loading=\"lazy\" decoding=\"async\" aria-describedby=\"caption-attachment-1653\" src=\"https:\/\/howtogoon.com\/wp-content\/uploads\/2018\/04\/P1140212-1024x768.gif\" alt=\"Postales, colecci\u00f3n de 54: Postales constituyen una imagen destilada del pa\u00eds al que retratar, representando los iconos de la ubicaci\u00f3n \"ex\u00f3tico\" que est\u00e1 siendo visitada por el turista, que los compra con el fin de compartir sus recuerdos de ese lugar - \"\u00a1Ojal\u00e1 que estuvieras aqu\u00ed!'. En los Pa\u00edses Bajos, junto con los molinos de viento, tulipanes, canales, zuecos, las vacas, el  queso y las bicicletas, est\u00e1 la zona roja. El \u00e1rea se promueve como una gran atracci\u00f3n tur\u00edstica, con miles de visitantes. Se calcula que produce una renta equivalente al 5% del PBI holand\u00e9s, y el miedo de perder este importante ingreso puede ser la verdadera raz\u00f3n por la que el gobierno holand\u00e9s es tan reticente a reconocer el sufrimiento causado por este lucrativo negocio.\" width=\"704\" height=\"528\" class=\"size-full wp-image-1653\" \/><\/a><p id=\"caption-attachment-1653\" class=\"wp-caption-text\">Postales, colecci\u00f3n de 54: Postales constituyen una imagen destilada del pa\u00eds al que retratar, representando los iconos de la ubicaci\u00f3n &#8220;ex\u00f3tico&#8221; que est\u00e1 siendo visitada por el turista, que los compra con el fin de compartir sus recuerdos de ese lugar &#8211; &#8220;\u00a1Ojal\u00e1 que estuvieras aqu\u00ed!&#8217;. En los Pa\u00edses Bajos, junto con los molinos de viento, tulipanes, canales, zuecos, las vacas, el  queso y las bicicletas, est\u00e1 la zona roja. El \u00e1rea se promueve como una gran atracci\u00f3n tur\u00edstica, con miles de visitantes. Se calcula que produce una renta equivalente al 5% del PBI holand\u00e9s, y el miedo de perder este importante ingreso puede ser la verdadera raz\u00f3n por la que el gobierno holand\u00e9s es tan reticente a reconocer el sufrimiento causado por este lucrativo negocio.<\/p><\/div>\n<div id=\"attachment_1658\" style=\"width: 714px\" class=\"wp-caption alignleft\"><a href=\"https:\/\/howtogoon.com\/wp-content\/uploads\/2016\/10\/P1140264.jpg\"><img loading=\"lazy\" decoding=\"async\" aria-describedby=\"caption-attachment-1658\" src=\"https:\/\/howtogoon.com\/wp-content\/uploads\/2018\/04\/P1140264-1024x768.gif\" alt=\"Estas fotograf\u00edas est\u00e1n tomadas del libro Mulier Sacer que escribi\u00f3 Jimini Hignett en colaboraci\u00f3n con mujeres de un hostal para mujeres que recientemente han escapado de la prostituci\u00f3n en los Pa\u00edses Bajos, donde yo he estado trabajando como voluntaria, o \u201ccompa\u00f1era de crisis.\u201d El t\u00edtulo del libro, Mulier Sacer, se toma del t\u00e9rmino latino Homo Sacer lo que implica una persona excluida de la sociedad, que no goza de la protecci\u00f3n de la ley, y que pueden incluso ser asesinadas sin ninguna consecuencia legal - persona que es privada de su plena humanidad. \" width=\"704\" height=\"528\" class=\"size-full wp-image-1658\" \/><\/a><p id=\"caption-attachment-1658\" class=\"wp-caption-text\">Estas fotograf\u00edas est\u00e1n tomadas del libro Mulier Sacer que escribi\u00f3 Jimini Hignett en colaboraci\u00f3n con mujeres de un hostal para mujeres que recientemente han escapado de la prostituci\u00f3n en los Pa\u00edses Bajos, donde yo he estado trabajando como voluntaria, o \u201ccompa\u00f1era de crisis.\u201d El t\u00edtulo del libro, Mulier Sacer, se toma del t\u00e9rmino latino Homo Sacer lo que implica una persona excluida de la sociedad, que no goza de la protecci\u00f3n de la ley, y que pueden incluso ser asesinadas sin ninguna consecuencia legal &#8211; persona que es privada de su plena humanidad.<\/p><\/div>\n<div id=\"attachment_1651\" style=\"width: 714px\" class=\"wp-caption alignleft\"><a href=\"https:\/\/howtogoon.com\/wp-content\/uploads\/2016\/10\/P1140185.jpg\"><img loading=\"lazy\" decoding=\"async\" aria-describedby=\"caption-attachment-1651\" src=\"https:\/\/howtogoon.com\/wp-content\/uploads\/2018\/04\/P1140185-1024x768.gif\" alt=\"Las circunstancias de \u00e9stas, mujeres traficadas, requiere mantener el anonimato, por lo tanto las fotograf\u00edas las presentan en sus habitaciones con m\u00e1scaras - autorretratos pintados en bolsas de papel marr\u00f3n-. Este recurso ayuda a conservar el anonimato de las mujeres y, al mismo tiempo, es una expresi\u00f3n de c\u00f3mo se ven a s\u00ed mismas. Las bolsas m\u00e1scaras funcionan en una variedad de maneras - en muchos lugares una m\u00e1scara tiene poderes m\u00e1gicos y da fuerza a su portador, pero al mismo tiempo tambi\u00e9n se refiere a un tipo de tortura, la bolsa sobre la cabeza. Ellas nos impiden ver las caras de las mujeres, y a su vez las mujeres nos miran, en una inversi\u00f3n de la mirada est\u00e1ndar. \" width=\"704\" height=\"528\" class=\"size-full wp-image-1651\" \/><\/a><p id=\"caption-attachment-1651\" class=\"wp-caption-text\">Las circunstancias de \u00e9stas, mujeres traficadas, requiere mantener el anonimato, por lo tanto las fotograf\u00edas las presentan en sus habitaciones con m\u00e1scaras &#8211; autorretratos pintados en bolsas de papel marr\u00f3n-. Este recurso ayuda a conservar el anonimato de las mujeres y, al mismo tiempo, es una expresi\u00f3n de c\u00f3mo se ven a s\u00ed mismas. Las bolsas m\u00e1scaras funcionan en una variedad de maneras &#8211; en muchos lugares una m\u00e1scara tiene poderes m\u00e1gicos y da fuerza a su portador, pero al mismo tiempo tambi\u00e9n se refiere a un tipo de tortura, la bolsa sobre la cabeza. Ellas nos impiden ver las caras de las mujeres, y a su vez las mujeres nos miran, en una inversi\u00f3n de la mirada est\u00e1ndar. <\/p>\n<p><a href=\"https:\/\/howtogoon.com\/wp-content\/uploads\/2016\/10\/P1140173.jpg\"><img loading=\"lazy\" decoding=\"async\" src=\"https:\/\/howtogoon.com\/wp-content\/uploads\/2018\/04\/P1140173-768x1024.gif\" alt=\"El primer visitante tallando sus inici\u00e1les\" width=\"528\" height=\"704\" class=\"size-full wp-image-1650\" \/><\/a> <\/p>\n<p>En el centro del famoso Barrio Rojo de \u00c1msterdam hay una estatua de bronce que representa a una mujer prostituida situada en un marco de puerta. Su actitud es la de una mujer fuerte, autosuficiente, mal llamada trabajadora del sexo voluntaria. La estatua se titula Belle, y los turistas se fotograf\u00edan con ella. Durante la duraci\u00f3n de la exposici\u00f3n, los visitantes est\u00e1n invitados a utilizar un cuchillo para tallar un coraz\u00f3n y sus iniciales en el cuerpo de esta r\u00e9plica de madera de tama\u00f1o natural &#8211; el acto de tallar sus propias iniciales en ese cuerpo de mujer tiene el objetivo de experimentar el dolor muy real que sufrieron las mujeres reales en las ventanas y las calles de los barrios rojos de todo el mundo.<br \/>\nBelle Revisited se realiz\u00f3 en La Plata, en colaboraci\u00f3n con Gabriel Pi\u00f1ero. <\/p>\n<p><a href=\"https:\/\/howtogoon.com\/wp-content\/uploads\/2016\/10\/P1140201.jpg\"><img decoding=\"async\" src=\"https:\/\/howtogoon.com\/wp-content\/uploads\/2018\/04\/P1140201-768x1024.gif\" alt=\"Una mujer deja tallando sus inici\u00e1les\"width=\"528\" height=\"704\" class=\"size-full wp-image-1652\" \/><\/a><br \/>\nUna mujer deja tallando sus inici\u00e1les<\/p><\/div>\n<p>Belle Revisited, es tambi\u00e9n una respuesta a una propuesta del libro de Albert Londres \u201cEl Camino a Buenos Ayres\u201d el que influy\u00f3 tan fuertemente la percepci\u00f3n europea de Buenos Aires como el centro de la llamada &#8216;trata de blancas&#8217; a principios del siglo XX. En el libro, Londres sugiere que una estatua debe ser erigida a las prostitutas extranjeras, por considerarlas una gran contribuci\u00f3n, un papel important\u00edsimo en la construcci\u00f3n de la ciudad.&#8221; width=&#8221;704&#8243; height=&#8221;528&#8243; class=&#8221;size-full wp-image-1660&#8243; \/><\/a> Belle Revisited, es tambi\u00e9n una respuesta a una propuesta del libro de Albert Londres \u201cEl Camino a Buenos Ayres\u201d el que influy\u00f3 tan fuertemente la percepci\u00f3n europea de Buenos Aires como el centro de la llamada &#8216;trata de blancas&#8217; a principios del siglo XX. En el libro, Londres sugiere que una estatua debe ser erigida a las prostitutas extranjeras, por considerarlas una gran contribuci\u00f3n, un papel important\u00edsimo en la construcci\u00f3n de la ciudad. <\/p>\n<div id=\"attachment_1649\" style=\"width: 538px\" class=\"wp-caption alignleft\"><a href=\"https:\/\/howtogoon.com\/wp-content\/uploads\/2016\/10\/P1140404.jpg\"><img loading=\"lazy\" decoding=\"async\" aria-describedby=\"caption-attachment-1649\" src=\"https:\/\/howtogoon.com\/wp-content\/uploads\/2018\/04\/P1140404-768x1024.gif\" alt=\"Inici\u00e1les tallando\" width=\"528\" height=\"704\" class=\"size-full wp-image-1649\" \/><\/a><p id=\"caption-attachment-1649\" class=\"wp-caption-text\">Inici\u00e1les tallando<\/p><\/div>\n<div id=\"attachment_1663\" style=\"width: 714px\" class=\"wp-caption alignleft\"><a href=\"https:\/\/howtogoon.com\/wp-content\/uploads\/2016\/10\/P1140388.jpg\"><img loading=\"lazy\" decoding=\"async\" aria-describedby=\"caption-attachment-1663\" src=\"https:\/\/howtogoon.com\/wp-content\/uploads\/2018\/04\/P1140388-1024x768.gif\" alt=\"Los Mon\u00f3logos de la Prostituci\u00f3n - Esta serie de v\u00eddeos detalla las historias de cuatro trayectorias de mujeres hasta entrar en la prostituci\u00f3n. Contada por actores, las historias son testimonios de la forma en que la trata est\u00e1 ligada a los procesos econ\u00f3micos y pol\u00edticos m\u00e1s grandes, como el desequilibrio econ\u00f3mico, la privatizaci\u00f3n y la corrupci\u00f3n. Precisamente desde su posici\u00f3n, a la vez en el margen y en el centro de la sociedad, las historias de \u00e9stas mujeres son capaces de iluminar los enlaces m\u00e1s grandes que a menudo son ignorados en el debate sobre la prostituci\u00f3n. Muchas de las mujeres que han escapado de la prostituci\u00f3n en los Pa\u00edses Bajos han venido de \u00c1frica subsahariana o de los pa\u00edses ex comunistas del bloque oriental, y sus relatos desvelan entornos plagados de desigualdades, misoginia y abuso. Exponen la dolorosa e inquietante realidad en el n\u00facleo de la industria de la prostituci\u00f3n, y revelan la tenacidad de un supuesto derecho masculino, y los privilegios de raza y clase.\nActores: Ella de Rijke, Flint Louis Hignett, Jiyan D\u00fcyu, Ch\u00e9rif Zaouali \nGracias a: An\u00f3nimo, Hens van Rooy, Rodolfo Vejar, Diego Braude, Eduardo Echavarria \" width=\"704\" height=\"528\" class=\"size-full wp-image-1663\" \/><\/a><p id=\"caption-attachment-1663\" class=\"wp-caption-text\">Los Mon\u00f3logos de la Prostituci\u00f3n &#8211; Esta serie de v\u00eddeos detalla las historias de cuatro trayectorias de mujeres hasta entrar en la prostituci\u00f3n. Contada por actores, las historias son testimonios de la forma en que la trata est\u00e1 ligada a los procesos econ\u00f3micos y pol\u00edticos m\u00e1s grandes, como el desequilibrio econ\u00f3mico, la privatizaci\u00f3n y la corrupci\u00f3n. Precisamente desde su posici\u00f3n, a la vez en el margen y en el centro de la sociedad, las historias de \u00e9stas mujeres son capaces de iluminar los enlaces m\u00e1s grandes que a menudo son ignorados en el debate sobre la prostituci\u00f3n. Muchas de las mujeres que han escapado de la prostituci\u00f3n en los Pa\u00edses Bajos han venido de \u00c1frica subsahariana o de los pa\u00edses ex comunistas del bloque oriental, y sus relatos desvelan entornos plagados de desigualdades, misoginia y abuso. Exponen la dolorosa e inquietante realidad en el n\u00facleo de la industria de la prostituci\u00f3n, y revelan la tenacidad de un supuesto derecho masculino, y los privilegios de raza y clase.<br \/>\nActores: Ella de Rijke, Flint Louis Hignett, Jiyan D\u00fcyu, Ch\u00e9rif Zaouali                              .<br \/>\nGracias a: An\u00f3nimo, Pakhuis de Zwijger, AFK, Hens van Rooy, Rodolfo Vejar, Diego Braude, Eduardo Echavarria<\/p><\/div>\n<div id=\"attachment_1659\" style=\"width: 714px\" class=\"wp-caption alignleft\"><a href=\"https:\/\/howtogoon.com\/wp-content\/uploads\/2016\/10\/P1140302.jpg\"><img loading=\"lazy\" decoding=\"async\" aria-describedby=\"caption-attachment-1659\" src=\"https:\/\/howtogoon.com\/wp-content\/uploads\/2018\/04\/P1140302-1024x768.gif\" alt=\"Noche de los Museos en Buenos Aires - de las 10hs a las 3 de la ma\u00f1ana, la exposic\u00edon estaba visitado por 828 personas... una marathon! Muy impressionante ver como la gente se engancha en la tematica... tanas persona que salieron de la muestra llorando, por las videos de testimos.\" width=\"704\" height=\"528\" class=\"size-full wp-image-1659\" \/><\/a><p id=\"caption-attachment-1659\" class=\"wp-caption-text\">On Museum Night in Buenos Aires the exhibition was visited by 828 people between 8pm and 3am&#8230;<br \/>A marathon! Impressive to experience how engaged with this issue the public was, and how moved they were &#8211; several people left the exhibition in tears after watching the video testimonies.<\/p><\/div>\n","protected":false},"excerpt":{"rendered":"<p>BUENOS AIRES, ARGENTINA &#8211; OCT 29th &#8211; NOV 30th, 2016 MUSEO DE LA MUJER, Pasaje Dr. R. Rivarola 147, (San Nicolas), Buenos Aires FOR ENGLISH CLICK HERE! La exposici\u00f3n Todo Sigue Igual gira en torno a la prostituci\u00f3n como fen\u00f3meno mundial promovido por una industria que gana grandes sumas de dinero por el uso (abuso) [&hellip;]<\/p>\n","protected":false},"author":2,"featured_media":0,"parent":0,"menu_order":99,"comment_status":"closed","ping_status":"closed","template":"","meta":{"footnotes":""},"class_list":["post-1682","page","type-page","status-publish","hentry"],"_links":{"self":[{"href":"https:\/\/howtogoon.com\/index.php\/wp-json\/wp\/v2\/pages\/1682","targetHints":{"allow":["GET"]}}],"collection":[{"href":"https:\/\/howtogoon.com\/index.php\/wp-json\/wp\/v2\/pages"}],"about":[{"href":"https:\/\/howtogoon.com\/index.php\/wp-json\/wp\/v2\/types\/page"}],"author":[{"embeddable":true,"href":"https:\/\/howtogoon.com\/index.php\/wp-json\/wp\/v2\/users\/2"}],"replies":[{"embeddable":true,"href":"https:\/\/howtogoon.com\/index.php\/wp-json\/wp\/v2\/comments?post=1682"}],"version-history":[{"count":27,"href":"https:\/\/howtogoon.com\/index.php\/wp-json\/wp\/v2\/pages\/1682\/revisions"}],"predecessor-version":[{"id":2602,"href":"https:\/\/howtogoon.com\/index.php\/wp-json\/wp\/v2\/pages\/1682\/revisions\/2602"}],"wp:attachment":[{"href":"https:\/\/howtogoon.com\/index.php\/wp-json\/wp\/v2\/media?parent=1682"}],"curies":[{"name":"wp","href":"https:\/\/api.w.org\/{rel}","templated":true}]}}